{"id":1731,"date":"2024-03-29T14:13:38","date_gmt":"2024-03-29T13:13:38","guid":{"rendered":"https:\/\/niederneisen.de\/?page_id=1731"},"modified":"2024-03-29T16:23:32","modified_gmt":"2024-03-29T15:23:32","slug":"intern","status":"publish","type":"page","link":"https:\/\/niederneisen.de\/index.php\/intern\/","title":{"rendered":"Intern"},"content":{"rendered":"<h5><span style=\"font-family: arial, helvetica, sans-serif;font-size: 12pt\">Sie befinden sich hier in einem internen Bereich, dessen Unterordner in der Regel passwortgesch\u00fctzt sind.<\/span><\/h5>\n<p><span style=\"font-family: arial, helvetica, sans-serif;font-size: 12pt\">Die nachfolgenden Unterpunkte beihalten z.B.: <\/span><\/p>\n<ul>\n<li><span style=\"font-family: arial, helvetica, sans-serif;font-size: 12pt\">Bedienungsanleitungen f\u00fcr Ger\u00e4te der Gemeindeverwaltung<br \/>\n<\/span><\/li>\n<li><span style=\"font-family: arial, helvetica, sans-serif;font-size: 12pt\">Schulungs-\/Seminarunterlagen f\u00fcr die kommunale Arbeit<\/span><\/li>\n<li><span style=\"font-family: arial, helvetica, sans-serif;font-size: 12pt\">Workshopmethoden<\/span><\/li>\n<li><span style=\"font-family: arial, helvetica, sans-serif;font-size: 12pt\">Entw\u00fcrfe<\/span><\/li>\n<li><span style=\"font-family: arial, helvetica, sans-serif;font-size: 12pt\">&#8230;&#8230;<\/span><\/li>\n<\/ul>\n","protected":false},"excerpt":{"rendered":"<p>Sie befinden sich hier in einem internen Bereich, dessen Unterordner in der Regel passwortgesch\u00fctzt sind. Die nachfolgenden Unterpunkte beihalten z.B.: Bedienungsanleitungen f\u00fcr Ger\u00e4te der Gemeindeverwaltung Schulungs-\/Seminarunterlagen f\u00fcr die kommunale  [&#8230;]<\/p>\n","protected":false},"author":2,"featured_media":0,"parent":0,"menu_order":0,"comment_status":"closed","ping_status":"closed","template":"","meta":{"footnotes":""},"class_list":["post-1731","page","type-page","status-publish","hentry"],"_links":{"self":[{"href":"https:\/\/niederneisen.de\/index.php\/wp-json\/wp\/v2\/pages\/1731","targetHints":{"allow":["GET"]}}],"collection":[{"href":"https:\/\/niederneisen.de\/index.php\/wp-json\/wp\/v2\/pages"}],"about":[{"href":"https:\/\/niederneisen.de\/index.php\/wp-json\/wp\/v2\/types\/page"}],"author":[{"embeddable":true,"href":"https:\/\/niederneisen.de\/index.php\/wp-json\/wp\/v2\/users\/2"}],"replies":[{"embeddable":true,"href":"https:\/\/niederneisen.de\/index.php\/wp-json\/wp\/v2\/comments?post=1731"}],"version-history":[{"count":6,"href":"https:\/\/niederneisen.de\/index.php\/wp-json\/wp\/v2\/pages\/1731\/revisions"}],"predecessor-version":[{"id":1760,"href":"https:\/\/niederneisen.de\/index.php\/wp-json\/wp\/v2\/pages\/1731\/revisions\/1760"}],"wp:attachment":[{"href":"https:\/\/niederneisen.de\/index.php\/wp-json\/wp\/v2\/media?parent=1731"}],"curies":[{"name":"wp","href":"https:\/\/api.w.org\/{rel}","templated":true}]}}