{"id":1642,"date":"2025-01-01T09:00:03","date_gmt":"2025-01-01T08:00:03","guid":{"rendered":"https:\/\/niederneisen.de\/?page_id=1642"},"modified":"2026-01-30T10:15:42","modified_gmt":"2026-01-30T09:15:42","slug":"hochwasserschutz","status":"publish","type":"page","link":"https:\/\/niederneisen.de\/index.php\/hochwasserschutz\/","title":{"rendered":"Hochwasserschutz"},"content":{"rendered":"<div class=\"fusion-title title fusion-title-1 fusion-sep-none fusion-title-text fusion-title-size-three\">\n<h3 class=\"fusion-title-heading title-heading-left fusion-responsive-typography-calculated\"><span style=\"font-family: arial, helvetica, sans-serif; font-size: 14pt;\">Hochwasser- und Starkregenvorsorgekonzept<\/span><\/h3>\n<\/div>\n<div class=\"fusion-content-tb fusion-content-tb-1\">\n<h3 class=\"fusion-responsive-typography-calculated\" data-fontsize=\"22\" data-lineheight=\"26.4px\"><em><span style=\"font-family: arial, helvetica, sans-serif; font-size: 12pt;\"><strong>\u00d6rtliches Hochwasser- und Starkregenvorsorgekonzept<\/strong><\/span><\/em><\/h3>\n<p><span style=\"font-family: arial, helvetica, sans-serif; font-size: 12pt;\">Der Hintergrund, der Anlass:<\/span><\/p>\n<p><span style=\"font-family: arial, helvetica, sans-serif; font-size: 12pt;\"><strong>\u00dcberflutungsereignisse in Folge von Starkregen haben vermehrt zu gr\u00f6\u00dferen Sch\u00e4den gef\u00fchrt<\/strong>.<\/span><br \/>\n<span style=\"font-family: arial, helvetica, sans-serif; font-size: 12pt;\">Kleinste B\u00e4che, wie bei uns der Haselbach, wurden zu reisenden Str\u00f6men, Schlammlawinen aus dem Wald und abw\u00e4rts vom Deller Weg, seitlich des Grundweges haben ohne Vorwarnzeit Verw\u00fcstungen und \u00dcberschwemmungen angerichtet.<\/span><\/p>\n<p><span style=\"font-family: arial, helvetica, sans-serif; font-size: 12pt;\">Durch eine Vielzahl von \u00dcberschwemmungen in den Ortsgemeinden wurde die Erstellung eines \u00f6rtlichen Hochwasser- und Starkregenvorsorgekonzeptes auch f\u00fcr die Ortsgemeinden der damaligen Verbandsgemeinde Hahnst\u00e4tten beschlossen. 2018 wurde hierzu die artec Ingenieurgesellschaft mbH beauftragt.<\/span><\/p>\n<p><span style=\"font-family: arial, helvetica, sans-serif; font-size: 12pt;\"><strong>Das Konzept soll die B\u00fcrger, die Ortsgemeinden, die Verbandsgemeinde, die Verbandsgemeindewerke und die Feuerwehren Vorsorgeoptionen aufzeigen, um sich besser auf solche Ereignisse vorbereiten zu k\u00f6nnen.<\/strong><\/span><\/p>\n<p><span style=\"font-family: arial, helvetica, sans-serif; font-size: 12pt;\"><strong>Aufgezeigt werden neben den \u00f6ffentlichen Ma\u00dfnahmen insbesondere auch die Ma\u00dfnahmen zur Eigenvorsorge der B\u00fcrger.\u00a0<\/strong><\/span><\/p>\n<p><span style=\"font-family: arial, helvetica, sans-serif; font-size: 12pt;\"><strong>Das \u201e\u00d6rtlichen Hochwasser- und Starkregenvorsorgekonzept\u201c findet Ihr unter dem nachfolgenden LINK.<\/strong><\/span><\/p>\n<p><a href=\"https:\/\/niederneisen.de\/wp-content\/uploads\/2026\/01\/2020-Hochwasserschutzkonzept2.pdf\" target=\"_blank\" rel=\"noopener\"><img decoding=\"async\" class=\"lazyload alignnone wp-image-2024\" src=\"https:\/\/niederneisen.de\/wp-content\/uploads\/2026\/01\/Hochwasser_Titelblatt.jpg\" data-orig-src=\"https:\/\/niederneisen.de\/wp-content\/uploads\/2026\/01\/Hochwasser_Titelblatt.jpg\" alt=\"\" width=\"95\" height=\"135\" srcset=\"data:image\/svg+xml,%3Csvg%20xmlns%3D%27http%3A%2F%2Fwww.w3.org%2F2000%2Fsvg%27%20width%3D%2795%27%20height%3D%27135%27%20viewBox%3D%270%200%2095%20135%27%3E%3Crect%20width%3D%2795%27%20height%3D%27135%27%20fill-opacity%3D%220%22%2F%3E%3C%2Fsvg%3E\" data-srcset=\"https:\/\/niederneisen.de\/wp-content\/uploads\/2026\/01\/Hochwasser_Titelblatt-200x284.jpg 200w, https:\/\/niederneisen.de\/wp-content\/uploads\/2026\/01\/Hochwasser_Titelblatt-211x300.jpg 211w, https:\/\/niederneisen.de\/wp-content\/uploads\/2026\/01\/Hochwasser_Titelblatt-400x569.jpg 400w, https:\/\/niederneisen.de\/wp-content\/uploads\/2026\/01\/Hochwasser_Titelblatt.jpg 490w\" data-sizes=\"auto\" data-orig-sizes=\"(max-width: 95px) 100vw, 95px\" \/><\/a><\/p>\n<\/div>\n","protected":false},"excerpt":{"rendered":"<p>Hochwasser- und Starkregenvorsorgekonzept \u00d6rtliches Hochwasser- und Starkregenvorsorgekonzept Der Hintergrund, der Anlass: \u00dcberflutungsereignisse in Folge von Starkregen haben vermehrt zu gr\u00f6\u00dferen Sch\u00e4den gef\u00fchrt. Kleinste B\u00e4che, wie bei uns der Haselbach,  [&#8230;]<\/p>\n","protected":false},"author":2,"featured_media":0,"parent":0,"menu_order":0,"comment_status":"closed","ping_status":"closed","template":"","meta":{"footnotes":""},"class_list":["post-1642","page","type-page","status-publish","hentry"],"_links":{"self":[{"href":"https:\/\/niederneisen.de\/index.php\/wp-json\/wp\/v2\/pages\/1642","targetHints":{"allow":["GET"]}}],"collection":[{"href":"https:\/\/niederneisen.de\/index.php\/wp-json\/wp\/v2\/pages"}],"about":[{"href":"https:\/\/niederneisen.de\/index.php\/wp-json\/wp\/v2\/types\/page"}],"author":[{"embeddable":true,"href":"https:\/\/niederneisen.de\/index.php\/wp-json\/wp\/v2\/users\/2"}],"replies":[{"embeddable":true,"href":"https:\/\/niederneisen.de\/index.php\/wp-json\/wp\/v2\/comments?post=1642"}],"version-history":[{"count":6,"href":"https:\/\/niederneisen.de\/index.php\/wp-json\/wp\/v2\/pages\/1642\/revisions"}],"predecessor-version":[{"id":2028,"href":"https:\/\/niederneisen.de\/index.php\/wp-json\/wp\/v2\/pages\/1642\/revisions\/2028"}],"wp:attachment":[{"href":"https:\/\/niederneisen.de\/index.php\/wp-json\/wp\/v2\/media?parent=1642"}],"curies":[{"name":"wp","href":"https:\/\/api.w.org\/{rel}","templated":true}]}}