{"id":1543,"date":"2024-02-25T23:35:14","date_gmt":"2024-02-25T22:35:14","guid":{"rendered":"http:\/\/gemeinde5.niederneisen.de\/?page_id=1543"},"modified":"2024-02-25T23:35:57","modified_gmt":"2024-02-25T22:35:57","slug":"branchenverzeichnis","status":"publish","type":"page","link":"https:\/\/niederneisen.de\/index.php\/branchenverzeichnis\/","title":{"rendered":"Branchenverzeichnis"},"content":{"rendered":"<p>Eine Gewerbeanmeldung ist immer dann notwendig, wenn Sie einen stehenden Gewerbebetrieb beginnen. Alles\u00a0 Weitere, wie Verfahrensablauf und Ansprechpartner finden Sie auf folgender Seite der Verbandsgemeinde Aar Einrich:\u00a0<a href=\"https:\/\/www.vg-aar-einrich.de\/buergerservice-1\/leistungen\/RLP:entry:8938634:071415004:ANLR\/gewerbe-anmeldung\/\" target=\"_blank\" rel=\"noopener noreferrer\">Gerwerbe-Anmeldung<\/a>.<\/p>\n<h3 class=\"text-justify\">Anstatt der \u00fcblichen Branchenverzeichnisse, hier etwas Besonderes f\u00fcr Sie :<\/h3>\n<p class=\"text-justify\"><strong>Das Digitale Schaufenster der Region Aar-Einrich<\/strong><\/p>\n<p class=\"text-justify\">Die Entwicklungsagentur Aar-Einrich\u00a0hat in Zusammenarbeit mit den Unternehmen der Region einen Online-Marktplatz entwickelt.\u00a0Diese Plattform bietet die M\u00f6glichkeit f\u00fcr die Gewerbetreibenden eine weitere Option ihre\u00a0<a href=\"https:\/\/www.aar-einrich.de\/produkte\/\">Produkte<\/a>\u00a0und Dienstleistungen zu vermarkten.<\/p>\n<p class=\"text-justify\">F\u00fcr die Nutzer bzw. Kunden des Online-Shops stellt der Online-Marktplatz eine alternative und vor allem von \u00d6ffnungszeiten unabh\u00e4ngige Kaufoption dar. Neben einem vielseitigen Shop-Angebot k\u00f6nnen sich die B\u00fcrgerinnen und B\u00fcrger \u00fcber ein breites\u00a0<a href=\"https:\/\/www.aar-einrich.de\/haendler-dienstleister\/\">Dienstleistungsangebot<\/a>\u00a0der Region informieren.<\/p>\n<p class=\"text-justify\">Lassen Sie sich von der Vielfalt\u00a0unserer Region \u00fcberraschen und holen Sie sich regionale Angebote von Dienstleistungen aus\u00a0der N\u00e4he ein!<\/p>\n<p><a title=\"Online Marktplatz Aar-Einrich\" href=\"https:\/\/www.aar-einrich.de\/\" target=\"_blank\" rel=\"noopener noreferrer\"><img decoding=\"async\" class=\"lazyload aligncenter\" src=\"data:image\/svg+xml,%3Csvg%20xmlns%3D%27http%3A%2F%2Fwww.w3.org%2F2000%2Fsvg%27%20width%3D%27176%27%20height%3D%27154%27%20viewBox%3D%270%200%20176%20154%27%3E%3Crect%20width%3D%27176%27%20height%3D%27154%27%20fill-opacity%3D%220%22%2F%3E%3C%2Fsvg%3E\" data-orig-src=\"https:\/\/www.aar-einrich.de\/fileadmin\/wb_distribution\/Resources\/Public\/Images\/logo-blank.png\" alt=\"Marktplatz Einrich\" width=\"176\" height=\"154\" \/><\/a><\/p>\n<p style=\"text-align: center;\"><a title=\"Link zum Onlime Markplatz Aar-Einrich\" href=\"https:\/\/www.aar-einrich.de\/\" target=\"_blank\" rel=\"noopener noreferrer\">&#8222;Online Marktplatz Aar Einrich&#8220;<\/a><\/p>\n","protected":false},"excerpt":{"rendered":"<p>Eine Gewerbeanmeldung ist immer dann notwendig, wenn Sie einen stehenden Gewerbebetrieb beginnen. Alles\u00a0 Weitere, wie Verfahrensablauf und Ansprechpartner finden Sie auf folgender Seite der Verbandsgemeinde Aar Einrich:\u00a0Gerwerbe-Anmeldung. Anstatt der  [&#8230;]<\/p>\n","protected":false},"author":2,"featured_media":0,"parent":0,"menu_order":0,"comment_status":"closed","ping_status":"closed","template":"","meta":{"footnotes":""},"class_list":["post-1543","page","type-page","status-publish","hentry"],"_links":{"self":[{"href":"https:\/\/niederneisen.de\/index.php\/wp-json\/wp\/v2\/pages\/1543","targetHints":{"allow":["GET"]}}],"collection":[{"href":"https:\/\/niederneisen.de\/index.php\/wp-json\/wp\/v2\/pages"}],"about":[{"href":"https:\/\/niederneisen.de\/index.php\/wp-json\/wp\/v2\/types\/page"}],"author":[{"embeddable":true,"href":"https:\/\/niederneisen.de\/index.php\/wp-json\/wp\/v2\/users\/2"}],"replies":[{"embeddable":true,"href":"https:\/\/niederneisen.de\/index.php\/wp-json\/wp\/v2\/comments?post=1543"}],"version-history":[{"count":2,"href":"https:\/\/niederneisen.de\/index.php\/wp-json\/wp\/v2\/pages\/1543\/revisions"}],"predecessor-version":[{"id":1545,"href":"https:\/\/niederneisen.de\/index.php\/wp-json\/wp\/v2\/pages\/1543\/revisions\/1545"}],"wp:attachment":[{"href":"https:\/\/niederneisen.de\/index.php\/wp-json\/wp\/v2\/media?parent=1543"}],"curies":[{"name":"wp","href":"https:\/\/api.w.org\/{rel}","templated":true}]}}