{"id":1533,"date":"2024-02-25T23:26:24","date_gmt":"2024-02-25T22:26:24","guid":{"rendered":"http:\/\/gemeinde5.niederneisen.de\/?page_id=1533"},"modified":"2026-02-01T17:34:05","modified_gmt":"2026-02-01T16:34:05","slug":"wander-und-radwege","status":"publish","type":"page","link":"https:\/\/niederneisen.de\/index.php\/wander-und-radwege\/","title":{"rendered":"Wander- und Radwege"},"content":{"rendered":"<p><strong><span style=\"font-size: 14pt; font-family: arial, helvetica, sans-serif;\">Wanderwege Ortsgemeinde Niederneisen<\/span><\/strong><\/p>\n<p><strong><span style=\"font-family: arial, helvetica, sans-serif;\">Wer kennt Sie?\u00a0 <\/span><span style=\"font-family: arial, helvetica, sans-serif;\">Unsere &#8222;tierischen Wandergesellen&#8220;. <\/span><\/strong><\/p>\n<p><strong><span style=\"font-family: arial, helvetica, sans-serif;\">Wer hat sich schon von ihnen auf unseren 5 Rundwanderwegen f\u00fchren lassen?<\/span><\/strong><\/p>\n<p><span style=\"font-family: arial, helvetica, sans-serif; font-size: 10pt;\">Kurze Beschreibung von Dr. Gabriele M. Knoll:<\/span><\/p>\n<p><span style=\"font-family: arial, helvetica, sans-serif;\">Niederneisen liegt im Nordosten von Rheinland-Pfalz und im n\u00f6rdlichen Taunus. Direkt an der Grenze zu Hessen gelegen, ist es nicht weit zu der Romantischen Fachwerk-Stadt Limburg.<\/span><\/p>\n<p><span style=\"font-family: arial, helvetica, sans-serif;\">Die f\u00fcnf Wanderwege, haben ihren Ausgangspunkt am markanten Rathaus in der Dorfmitte und f\u00fchren \u00fcber die umliegenden Felder und Wiesen hin zu rauschenden und berauschenden W\u00e4ldern. Auf den H\u00f6hen bietet sich ein wunderbarer Fernblick in Richtung Feldberg und Westerwald. Natur genie\u00dfen und zur Ruhe kommen, schaffen Kraft und Energie f\u00fcr den Alltag. Die Touren haben eine L\u00e4nge von 5 km bis 9 km und sind beschildert. Sie sind mit Piktogrammen von Tieren versehen und haben so auch auf Familien mit Kindern eine motivierende Ausstrahlung.<\/span><\/p>\n<p><span style=\"font-family: arial, helvetica, sans-serif;\">Dr\u00fcckt unsere Wanderfreunde und ihr erhaltet weitere detaillierte Informationen nebst Karte.<\/span><\/p>\n<p><a href=\"https:\/\/www.vg-aar-einrich.de\/tourismus-freizeit\/wandern\/ortsgemeinde-wanderwege\/ortsgemeinde-niederneisen\/\" target=\"_blank\" rel=\"noopener\"><img decoding=\"async\" class=\"lazyload alignnone wp-image-2064\" src=\"https:\/\/niederneisen.de\/wp-content\/uploads\/2026\/02\/Wandergesellen-1.png\" data-orig-src=\"https:\/\/niederneisen.de\/wp-content\/uploads\/2026\/02\/Wandergesellen-1.png\" alt=\"\" width=\"305\" height=\"181\" srcset=\"data:image\/svg+xml,%3Csvg%20xmlns%3D%27http%3A%2F%2Fwww.w3.org%2F2000%2Fsvg%27%20width%3D%27305%27%20height%3D%27181%27%20viewBox%3D%270%200%20305%20181%27%3E%3Crect%20width%3D%27305%27%20height%3D%27181%27%20fill-opacity%3D%220%22%2F%3E%3C%2Fsvg%3E\" data-srcset=\"https:\/\/niederneisen.de\/wp-content\/uploads\/2026\/02\/Wandergesellen-1-200x119.png 200w, https:\/\/niederneisen.de\/wp-content\/uploads\/2026\/02\/Wandergesellen-1-300x178.png 300w, https:\/\/niederneisen.de\/wp-content\/uploads\/2026\/02\/Wandergesellen-1-400x238.png 400w, https:\/\/niederneisen.de\/wp-content\/uploads\/2026\/02\/Wandergesellen-1-600x356.png 600w, https:\/\/niederneisen.de\/wp-content\/uploads\/2026\/02\/Wandergesellen-1-768x456.png 768w, https:\/\/niederneisen.de\/wp-content\/uploads\/2026\/02\/Wandergesellen-1-800x475.png 800w, https:\/\/niederneisen.de\/wp-content\/uploads\/2026\/02\/Wandergesellen-1.png 857w\" data-sizes=\"auto\" data-orig-sizes=\"(max-width: 305px) 100vw, 305px\" \/><\/a><\/p>\n","protected":false},"excerpt":{"rendered":"<p>Wanderwege Ortsgemeinde Niederneisen Wer kennt Sie?\u00a0 Unsere &#8222;tierischen Wandergesellen&#8220;. Wer hat sich schon von ihnen auf unseren 5 Rundwanderwegen f\u00fchren lassen? Kurze Beschreibung von Dr. Gabriele M. Knoll: Niederneisen  [&#8230;]<\/p>\n","protected":false},"author":2,"featured_media":0,"parent":0,"menu_order":0,"comment_status":"closed","ping_status":"closed","template":"","meta":{"footnotes":""},"class_list":["post-1533","page","type-page","status-publish","hentry"],"_links":{"self":[{"href":"https:\/\/niederneisen.de\/index.php\/wp-json\/wp\/v2\/pages\/1533","targetHints":{"allow":["GET"]}}],"collection":[{"href":"https:\/\/niederneisen.de\/index.php\/wp-json\/wp\/v2\/pages"}],"about":[{"href":"https:\/\/niederneisen.de\/index.php\/wp-json\/wp\/v2\/types\/page"}],"author":[{"embeddable":true,"href":"https:\/\/niederneisen.de\/index.php\/wp-json\/wp\/v2\/users\/2"}],"replies":[{"embeddable":true,"href":"https:\/\/niederneisen.de\/index.php\/wp-json\/wp\/v2\/comments?post=1533"}],"version-history":[{"count":5,"href":"https:\/\/niederneisen.de\/index.php\/wp-json\/wp\/v2\/pages\/1533\/revisions"}],"predecessor-version":[{"id":2075,"href":"https:\/\/niederneisen.de\/index.php\/wp-json\/wp\/v2\/pages\/1533\/revisions\/2075"}],"wp:attachment":[{"href":"https:\/\/niederneisen.de\/index.php\/wp-json\/wp\/v2\/media?parent=1533"}],"curies":[{"name":"wp","href":"https:\/\/api.w.org\/{rel}","templated":true}]}}