{"id":1473,"date":"2024-02-25T22:39:54","date_gmt":"2024-02-25T21:39:54","guid":{"rendered":"http:\/\/gemeinde5.niederneisen.de\/?page_id=1473"},"modified":"2024-02-25T22:39:54","modified_gmt":"2024-02-25T21:39:54","slug":"sportpark","status":"publish","type":"page","link":"https:\/\/niederneisen.de\/index.php\/sportpark\/","title":{"rendered":"Sportpark"},"content":{"rendered":"<p><img class=\"lazyload\" decoding=\"async\" src=\"data:image\/svg+xml,%3Csvg%20xmlns%3D%27http%3A%2F%2Fwww.w3.org%2F2000%2Fsvg%27%20width%3D%27500%27%20height%3D%27281%27%20viewBox%3D%270%200%20500%20281%27%3E%3Crect%20width%3D%27500%27%20height%3D%27281%27%20fill-opacity%3D%220%22%2F%3E%3C%2Fsvg%3E\" data-orig-src=\"https:\/\/niederneisen.de\/images\/SportparSportplatz.png\" alt=\"\" width=\"500\" height=\"281\" \/>\u00a0\u00a0 \u00a0<img class=\"lazyload\" decoding=\"async\" src=\"data:image\/svg+xml,%3Csvg%20xmlns%3D%27http%3A%2F%2Fwww.w3.org%2F2000%2Fsvg%27%20width%3D%27496%27%20height%3D%27279%27%20viewBox%3D%270%200%20496%20279%27%3E%3Crect%20width%3D%27496%27%20height%3D%27279%27%20fill-opacity%3D%220%22%2F%3E%3C%2Fsvg%3E\" data-orig-src=\"https:\/\/niederneisen.de\/images\/SportparkKleinspielfeld.png\" alt=\"Bild vom Kleinspielfeld mit Tartanbahn\" width=\"496\" height=\"279\" \/><\/p>\n<p>Die TuS Niederneisen und die Gemeinde Niederneisen verf\u00fcgen \u00fcber eine vielf\u00e4ltiges Angebot an Sportst\u00e4tten um die vereinseigene Turnhalle.<\/p>\n<p>Diese Sportst\u00e4tten bestehen aus einer\u00a0<strong>Sporthalle<\/strong>, in der t\u00e4glich ein abwechslungsreiches Sportangebot\u00a0f\u00fcr\u00a0Jung bis Alt stattfindet.<\/p>\n<p>Direkt anschlie\u00dfend befindet sich unser moderner\u00a0<strong>Naturrasenplatz<\/strong>\u00a0f\u00fcr die drei Seniorenfu\u00dfballmannschaften und f\u00fcr die Fu\u00dfballjugend.<\/p>\n<p>Das Sportangebot wird erweitert um ein\u00a0<strong>Tartankleinspielfeld<\/strong>\u00a0mit\u00a0<strong>Hochsprungmatte<\/strong>\u00a0und\u00a0<strong>Weitsprunganlage<\/strong>\u00a0inkl.\u00a0<strong>50m Laufbahn<\/strong>.<\/p>\n<p>Daran angrenzend befindet sich ein \u00f6ffentlich zug\u00e4ngliches\u00a0<a href=\"https:\/\/www.dfb.de\/sportstaetten\/minispielfelder\/\" target=\"_blank\" rel=\"noopener noreferrer\"><strong>DFB Minispielfeld.<\/strong><\/a><\/p>\n<p>&nbsp;<\/p>\n<p>Im hinteren Bereich der Turnhalle befindet sich, zwischen Turnhalle<\/p>\n<p>und Grundschule eine ebenfalls \u00f6ffentlich-zug\u00e4ngliche\u00a0<strong>Bocciabahn<\/strong>.<\/p>\n<p><img class=\"lazyload\" decoding=\"async\" title=\"Bild von der Bocciabahn der TuS Niederneisen\" src=\"data:image\/svg+xml,%3Csvg%20xmlns%3D%27http%3A%2F%2Fwww.w3.org%2F2000%2Fsvg%27%20width%3D%27463%27%20height%3D%27215%27%20viewBox%3D%270%200%20463%20215%27%3E%3Crect%20width%3D%27463%27%20height%3D%27215%27%20fill-opacity%3D%220%22%2F%3E%3C%2Fsvg%3E\" data-orig-src=\"https:\/\/niederneisen.de\/images\/SportparkBoccia.png\" alt=\"Bocciabahn\" width=\"463\" height=\"215\" \/><\/p>\n<p>&nbsp;<\/p>\n<p><em>Muss noch um die Reithalle und die Reitpl\u00e4tze erg\u00e4nzt werden (Ausschuss f\u00fcr \u00d6ffentlichkeit und Medien)<\/em><\/p>\n","protected":false},"excerpt":{"rendered":"<p>\u00a0\u00a0 \u00a0 Die TuS Niederneisen und die Gemeinde Niederneisen verf\u00fcgen \u00fcber eine vielf\u00e4ltiges Angebot an Sportst\u00e4tten um die vereinseigene Turnhalle. Diese Sportst\u00e4tten bestehen aus einer\u00a0Sporthalle, in der t\u00e4glich ein  [&#8230;]<\/p>\n","protected":false},"author":2,"featured_media":0,"parent":0,"menu_order":0,"comment_status":"closed","ping_status":"closed","template":"","meta":{"footnotes":""},"class_list":["post-1473","page","type-page","status-publish","hentry"],"_links":{"self":[{"href":"https:\/\/niederneisen.de\/index.php\/wp-json\/wp\/v2\/pages\/1473","targetHints":{"allow":["GET"]}}],"collection":[{"href":"https:\/\/niederneisen.de\/index.php\/wp-json\/wp\/v2\/pages"}],"about":[{"href":"https:\/\/niederneisen.de\/index.php\/wp-json\/wp\/v2\/types\/page"}],"author":[{"embeddable":true,"href":"https:\/\/niederneisen.de\/index.php\/wp-json\/wp\/v2\/users\/2"}],"replies":[{"embeddable":true,"href":"https:\/\/niederneisen.de\/index.php\/wp-json\/wp\/v2\/comments?post=1473"}],"version-history":[{"count":1,"href":"https:\/\/niederneisen.de\/index.php\/wp-json\/wp\/v2\/pages\/1473\/revisions"}],"predecessor-version":[{"id":1474,"href":"https:\/\/niederneisen.de\/index.php\/wp-json\/wp\/v2\/pages\/1473\/revisions\/1474"}],"wp:attachment":[{"href":"https:\/\/niederneisen.de\/index.php\/wp-json\/wp\/v2\/media?parent=1473"}],"curies":[{"name":"wp","href":"https:\/\/api.w.org\/{rel}","templated":true}]}}