{"id":1426,"date":"2024-02-25T08:21:33","date_gmt":"2024-02-25T07:21:33","guid":{"rendered":"http:\/\/gemeinde5.niederneisen.de\/?page_id=1426"},"modified":"2024-02-25T08:23:07","modified_gmt":"2024-02-25T07:23:07","slug":"traum-vom-haus","status":"publish","type":"page","link":"https:\/\/niederneisen.de\/index.php\/traum-vom-haus\/","title":{"rendered":"Traum vom Haus"},"content":{"rendered":"<h4>Noch nie haben sich so viele Menschen den Traum vom eigenen Haus erf\u00fcllt wie in den letzten Jahren.<\/h4>\n<div>Mehr Platz f\u00fcr die Familie, Wohneigentum als Altersvorsorge oder die Umsetzbarkeit ganz individueller<\/div>\n<div>W\u00fcnsche: viele Gr\u00fcnde sprechen f\u00fcr ein eigenes Haus.<\/div>\n<div>Wie sieht Ihr Traum vom eigenen Haus aus\u00a0\u2013 gro\u00dfe Fenster, helle R\u00e4ume, gro\u00dfer Garten?<\/div>\n<div>Oder klein aber fein \u2013 nicht zu teuer aber alles nach den eigenen Vorstellungen gestaltet?<\/div>\n<div>Ein Haus zu bauen, bedeutet auch immer einen Traum zu verwirklichen. Dementsprechend viele Gedanken<\/div>\n<div>machen sich potenzielle Hausbesitzer.<\/div>\n<div>Die Architektur ist dabei nicht der einzige Punkt, \u00fcber den man sich den Kopf zerbrechen muss.<\/div>\n<div>Egal, f\u00fcr welche Wohnform Sie sich entscheiden \u2013 ein Hausbau muss gut geplant werden, denn schlie\u00dflich<\/div>\n<div>baut man im besten Fall nur einmal im Leben.<\/div>\n<div><\/div>\n<div>Nachfolgend finden Sie einige verlinkte Unterlagen, die Sie unterst\u00fctzen k\u00f6nnen:<\/div>\n<div>\n<ul>\n<li>Gutes Bauen: Der Check f\u00fcr Bauherren\u201c unterst\u00fctzt Sie, passend zu Ihren Zielen, Erwartungen und M\u00f6glichkeiten zu bauen.<\/li>\n<\/ul>\n<p><em><a title=\"Link zur Arbeitshilfe\" href=\"https:\/\/niederneisen.de\/files\/Bauen\/check-bauen.pdf\" target=\"_blank\" rel=\"noopener noreferrer\"><img class=\"lazyload\" decoding=\"async\" title=\"Link zur Arbeitshilfe\" src=\"data:image\/svg+xml,%3Csvg%20xmlns%3D%27http%3A%2F%2Fwww.w3.org%2F2000%2Fsvg%27%20width%3D%27121%27%20height%3D%2758%27%20viewBox%3D%270%200%20121%2058%27%3E%3Crect%20width%3D%27121%27%20height%3D%2758%27%20fill-opacity%3D%220%22%2F%3E%3C%2Fsvg%3E\" data-orig-src=\"https:\/\/niederneisen.de\/images\/Bild_Offensive_Gutes_Bauen.png\" alt=\"Link zur Arbeitshilfe\" width=\"121\" height=\"58\" \/><\/a><\/em><\/p>\n<p>&nbsp;<\/p>\n<p><em>Offensive Gutes Bauen<br \/>\n<\/em><em>Institut f\u00fcr Technik der Betriebsf\u00fchrung<br \/>\n<\/em><em>im deutschen Handwerksinstitut e. V.<br \/>\n<\/em><em>Kriegsstra\u00dfe 103 a<br \/>\n<\/em><em>76135 Karlsruhe\u00a0<\/em><\/p>\n<ul>\n<li>Ziel der\u00a0n\u00e4chsten\u00a0Arbeitshilfe ist es, eine verbesserte Vernetzung aller Projektbeteiligten f\u00fcr den gesamten Lebenszyklus eines Geb\u00e4udes zu erreichen und dadurch zu einer Optimierung von Ausf\u00fchrungsqualit\u00e4t und Kosten beizutragen.<em><a title=\"Link zur Arbeitshilfe\" href=\"https:\/\/niederneisen.de\/files\/Bauen\/Der_Weg_zum_Bauwerk.pdf\" target=\"_blank\" rel=\"noopener noreferrer\"><img class=\"lazyload\" decoding=\"async\" src=\"data:image\/svg+xml,%3Csvg%20xmlns%3D%27http%3A%2F%2Fwww.w3.org%2F2000%2Fsvg%27%20width%3D%27102%27%20height%3D%2757%27%20viewBox%3D%270%200%20102%2057%27%3E%3Crect%20width%3D%27102%27%20height%3D%2757%27%20fill-opacity%3D%220%22%2F%3E%3C%2Fsvg%3E\" data-orig-src=\"https:\/\/niederneisen.de\/images\/Bild_Architektenkammer_Berlin.png\" alt=\"\" width=\"102\" height=\"57\" \/><\/a><\/em><\/li>\n<\/ul>\n<p>&nbsp;<\/p>\n<p><em>Das Kompendium ist in Kooperation\u00a0<\/em><em>der<br \/>\nArchitektenkammer Berlin mit der<br \/>\n<\/em><em>Bundesarchitekten-, der Bundesingenieur-<br \/>\n<\/em><em>und der Baukammer Berlin erarbeitet worden.<\/em><\/p>\n<p>&nbsp;<\/p>\n<\/div>\n<p>Nat\u00fcrlich brauchen Sie auch die\u00a0<strong>\u00f6rtlichen Ansprechpartner f\u00fcr Planausk\u00fcnfte:<\/strong><\/p>\n<h3><strong>Kanal. Wasser, Fernw\u00e4rme<\/strong><\/h3>\n<p>VG Aar-Einrich<br \/>\nVerbandsgemeindewerke<br \/>\nPlanverwaltung<br \/>\nAustra\u00dfe 4<br \/>\n65623 Hahnst\u00e4tten<br \/>\n<a href=\"http:\/\/www.vg-aar-einrich.de\/\">www.vg-aar-einrich.de<\/a><br \/>\nFrau Andrea Rump<br \/>\nTel.:06486 9179-506<br \/>\nEmail:\u00a0<a href=\"mailto:a.rump@vg-aar-einrich\" target=\"_blank\" rel=\"noopener noreferrer\">a.rump@vg-aar-einrich<\/a><\/p>\n<h3><strong>Energieversorgung<\/strong><\/h3>\n<p>MKW<br \/>\nZentrale Planauskunft<br \/>\nBr\u00fcningstra\u00dfe 1<br \/>\n65929 Frankfurt\/Main<br \/>\n<a href=\"http:\/\/planauskunft.syna.de\/planauskunft\/\">http:\/\/planauskunft.syna.de\/planauskunft\/<\/a><br \/>\nHerr Klaus Weidner<br \/>\nTel.: 069 3107-2189<br \/>\nFax: 069 3107-2744<br \/>\nEmail:\u00a0(<span id=\"cloak43ecb6ba0966db19753aa7939d74c089\"><a href=\"mailto:klaus.weidner@suewag.de\">klaus.weidner@suewag.de<\/a><\/span>)<\/p>\n<p>Energieversorgung Limburg<br \/>\nSte.-Foy-Stra\u00dfe 36<br \/>\n65549 Limburg\/Lahn<br \/>\n<a href=\"http:\/\/www.evl.de\/\">www.EVL.de<br \/>\n<\/a>24 Std. St\u00f6rungsannahme: 0800 6554900<br \/>\nEmail:\u00a0 (<span id=\"cloakb9dad1676f5e5a05e4b53e57aeca727d\"><a href=\"mailto:planauskunft@evl.de\">planauskunft@evl.de<\/a><\/span>)<\/p>\n<h3><strong>Telekommunikations- \/ Kabelnetz- \/ Mobilfunkbetreiber<\/strong><\/h3>\n<p>Deutsche Telekom<br \/>\nT-Com, T1 NL Mitte<br \/>\nPTI 22<br \/>\nFriedrich-List-Stra\u00dfe 21<br \/>\n35398 Gie\u00dfen<br \/>\n<a href=\"https:\/\/trassenauskunft-kabel.telekom.de\/\">https:\/\/trassenauskunft-kabel.telekom.de<br \/>\n<\/a>Frau Schulz<br \/>\nTel,: 0641 963-7471<br \/>\nFrau Mengel<br \/>\nTel.: \u00df641 963-7086<br \/>\nFax: 0641 963-7158<\/p>\n<p>Kabel Deutschland Vertrieb<br \/>\nund Service GmbH&amp;Co.KG<br \/>\nNetzauskunft<br \/>\nZurmaiener Stra\u00dfe 175<br \/>\n54292 Trier<br \/>\n<a href=\"https:\/\/partner.kabeldeutschland.de\/webauskunftneu\/Datashop\/welcomePage.aspx\">https:\/\/partner.kabeldeutschland.de\/webauskunftneu\/Datashop\/welcomePage.aspx<br \/>\n<\/a>Hotline: 0180 566625<br \/>\nTel.: 0651 1457-270<br \/>\nFax: 0651 1457-330<\/p>\n<p>Interoute Germany GmbH<br \/>\nAlbert-Einstein-Ring 5<br \/>\n14532 Kleinmachnow<br \/>\n<a href=\"https:\/\/www.gtt.net\/de-de\/\">https:\/\/www.gtt.net\/de-de\/<br \/>\n<\/a>Tel.: 03025 4310<br \/>\nFax: 03025 4311729<br \/>\nEmail:<span id=\"cloak4694839e9796f6fecb5eabcd0aa6ebcd\">(<span id=\"cloak8e118fca27f3ecfbbd47c810c0699a31\"><a href=\"mailto:leitungsauskunft@interoute.com\">leitungsauskunft@interoute.com<\/a><\/span>)<\/span><\/p>\n<p>Century Communications Germany GmbH<br \/>\n(ehem. Level 3 Communications Inc.)<br \/>\nR\u00fcsselsheimer Stra\u00dfe 22<br \/>\n60326 Frankfurt am Main<br \/>\nTel.: 069 5060 8335 (Herr Weber)<br \/>\nFax: 069 5060 8301<br \/>\nEmail: (<span id=\"cloak36d776037c21310eb342b547e787e005\"><a href=\"mailto:planauskunft.frankfurt@centurylink.com\">planauskunft.frankfurt@centurylink.com<\/a><\/span>)<\/p>\n<p><span id=\"cloak906880f9691403cb7cf42a8aafde7f95\"><\/span>INEXIO Onlineauskunft<br \/>\nAm Saaraltarm 1<br \/>\n66740 Saarluis<br \/>\n<a href=\"https:\/\/planauskunft.inexio.net\/Datashop\/WelcomePage.aspx?ReturnUrl=%2fdatashop\">https:\/\/planauskunft.inexio.net\/Datashop\/WelcomePage.aspx?ReturnUrl=%2fdatashop<\/a><\/p>\n<h3><strong>Leitungsausk\u00fcnfte sind \u00fcber das BIL-Portal einzuholen. Das BIL-Portal der BIL eG ist ein Bundesweites Informationssystem zur Leitumngsrecherche und stellt eine umfassende branchen\u00fcbergreifende Online-Leitungsauskunft bereit.\u00a0<\/strong><\/h3>\n<p><strong><a href=\"https:\/\/portal.bil-leitungsauskunft.de\/\">https:\/\/portal.bil-leitungsauskunft.de<\/a><\/strong><\/p>\n<p>GasLine GmbH &amp; Co. KG<br \/>\nPaesm\u00fchle, Paesm\u00fchlenweg 10+12<br \/>\n47638 Straelen<br \/>\n<a href=\"http:\/\/www.gasline.de\/\">www.gasline.de<br \/>\n<\/a>Tel.: 02834 7032-4396<br \/>\nFax: 02834 7032 1747<\/p>\n","protected":false},"excerpt":{"rendered":"<p>Noch nie haben sich so viele Menschen den Traum vom eigenen Haus erf\u00fcllt wie in den letzten Jahren. Mehr Platz f\u00fcr die Familie, Wohneigentum als Altersvorsorge oder die Umsetzbarkeit  [&#8230;]<\/p>\n","protected":false},"author":2,"featured_media":0,"parent":0,"menu_order":0,"comment_status":"closed","ping_status":"closed","template":"","meta":{"footnotes":""},"class_list":["post-1426","page","type-page","status-publish","hentry"],"_links":{"self":[{"href":"https:\/\/niederneisen.de\/index.php\/wp-json\/wp\/v2\/pages\/1426","targetHints":{"allow":["GET"]}}],"collection":[{"href":"https:\/\/niederneisen.de\/index.php\/wp-json\/wp\/v2\/pages"}],"about":[{"href":"https:\/\/niederneisen.de\/index.php\/wp-json\/wp\/v2\/types\/page"}],"author":[{"embeddable":true,"href":"https:\/\/niederneisen.de\/index.php\/wp-json\/wp\/v2\/users\/2"}],"replies":[{"embeddable":true,"href":"https:\/\/niederneisen.de\/index.php\/wp-json\/wp\/v2\/comments?post=1426"}],"version-history":[{"count":2,"href":"https:\/\/niederneisen.de\/index.php\/wp-json\/wp\/v2\/pages\/1426\/revisions"}],"predecessor-version":[{"id":1431,"href":"https:\/\/niederneisen.de\/index.php\/wp-json\/wp\/v2\/pages\/1426\/revisions\/1431"}],"wp:attachment":[{"href":"https:\/\/niederneisen.de\/index.php\/wp-json\/wp\/v2\/media?parent=1426"}],"curies":[{"name":"wp","href":"https:\/\/api.w.org\/{rel}","templated":true}]}}