{"id":1415,"date":"2024-09-25T08:10:58","date_gmt":"2024-09-25T06:10:58","guid":{"rendered":"http:\/\/gemeinde5.niederneisen.de\/?page_id=1415"},"modified":"2026-03-30T15:56:40","modified_gmt":"2026-03-30T13:56:40","slug":"ausschuesse","status":"publish","type":"page","link":"https:\/\/niederneisen.de\/index.php\/ausschuesse\/","title":{"rendered":"Aussch\u00fcsse"},"content":{"rendered":"<p>Der Gemeinderat hat f\u00fcr bestimmte Aufgabenbereiche zur Vorbereitung seiner Beschl\u00fcsse oder zur abschlie\u00dfenden Entscheidung Aussch\u00fcsse gebildet. Die Aussch\u00fcsse setzen sich entweder nur aus Ratsmitgliedern oder aus Ratsmitgliedern und sonstigen w\u00e4hlbaren B\u00fcrgern der Gemeinde zusammen; mindestens die H\u00e4lfte der Mitglieder eines Ausschusses soll jedoch Ratsmitglied sein.<\/p>\n<p>Gem\u00e4\u00df \u00a7 2 der <a href=\"https:\/\/www.vg-aar-einrich.de\/ortsgemeinden\/niederneisen\/2024-1.aenderung-hauptsatzung-ogniederneisen.pdf?cid=1tmj\" target=\"_blank\" rel=\"noopener\">Hauptsatzung<\/a> hat der Gemeinderat folgende Aussch\u00fcsse gebildet<\/p>\n<p><strong><u>Rechnungspr\u00fcfungsausschuss<br \/>\n<\/u><\/strong>(5 Mitglieder und 5 Stellvertreter; der Ausschuss besteht nur aus Ratsmitgliedern)<\/p>\n<p><strong>Vorsitz: Armin Bendel<\/strong><\/p>\n<p><strong>CDU<\/strong>\u00a0Martina Welter (Vertreterin Jennifer Schmidt)<br \/>\n<strong>CDU<\/strong>\u00a0Desire\u00e8 Lieber (Vertreterin Natascha Habke)<br \/>\n<strong>B\u00fcndnis 90 \/ Die Gr\u00fcnen<\/strong>\u00a0Anke H\u00e4nsel-Siraf (Vertreter Carsten Jansing)<br \/>\n<strong>FWG<\/strong>\u00a0Markus Heimann (Vertreter Sascha Kreckel)<br \/>\n<strong>FWG<\/strong>\u00a0Andreas Schlau (Vertreter Bj\u00f6rn Wilhelm)<\/p>\n<p><strong><u>Friedhofsausschuss gemeinsam mit der Ortsgemeinde Flacht<br \/>\n<\/u><\/strong>(5 Mitglieder und 5 Stellvertreter; der Ausschuss besteht nur aus Ratsmitgliedern)<\/p>\n<p><strong>Vorsitz: OG Flacht, Timo Schneider<\/strong><\/p>\n<p><strong>CDU\u00a0<\/strong>Martina Welter (Vertreterin Natascha Habke)<br \/>\n<strong>CDU <\/strong>(Vertreter J\u00fcrgen Lieber)<br \/>\n<strong>B\u00fcndnis 90 \/ Die Gr\u00fcnen<\/strong>\u00a0Anke H\u00e4nsel-Siraf (Vertreter Carsten Jansing)<br \/>\n<strong>FWG<\/strong>\u00a0Andreas Schlau (Vertreter Bj\u00f6rn Wilhelm)<br \/>\n<strong>FWG<\/strong> Michaela Siekmann (Vertreter Sascha Kreckel)<\/p>\n<p><strong><u>Bau- , Planungs-, Umwelt- und Heimatausschuss<br \/>\n<\/u><\/strong>(8 Mitglieder und 8 Stellvertreter; mindestens die H\u00e4lfte muss Ratsmitglieder sein)<\/p>\n<p><strong>Vorsitz: Armin Bendel<\/strong><\/p>\n<p><strong>CDU<\/strong>\u00a0Desiree Lieber (Vertreterin Corina Hansmann)<br \/>\n<strong>CDU<\/strong>\u00a0Leif Weisenfeld (Vertreter J\u00fcrgen Lieber)<br \/>\n<strong>CDU<\/strong> Jordan Querling (Vertreter Alfred Rauner)<br \/>\n<strong>CDU<\/strong>\u00a0Christoph Michel (Vertreterin Jessica Willig)<br \/>\n<strong>B\u00fcndnis 90 \/ Die Gr\u00fcnen<\/strong>\u00a0Sabine Rosch (Vertreter Manfred Rosch)<br \/>\n<strong>FWG<\/strong>\u00a0Bj\u00f6rn Wilhelm (Vertreter Andreas Schlau)<br \/>\n<strong>FWG<\/strong>\u00a0Bernd Wagenbrenner (Vertreterin Michael Siekmann)<strong><br \/>\nFWG<\/strong>\u00a0Jan Hasselbach (Vertreterin Sarah Heuser)<\/p>\n<p><strong><u>Jugend-, Kultur-, Sport- und Medienausschuss<br \/>\n<\/u><\/strong>(8 Mitglieder und 8 Stellvertreter; mindestens die H\u00e4lfte soll Ratsmitglied sein)<\/p>\n<p><strong>Vorsitz: Armin Bendel <\/strong><\/p>\n<p><strong>CDU<\/strong>\u00a0Natascha Habke (Vertreterin Desiree Lieber)<br \/>\n<strong>CDU<\/strong>\u00a0Jennifer Schmidt (Vertreter Marcel Willig)<br \/>\n<strong>CDU<\/strong>\u00a0Ken Rauner (Vertreter Jordan Querling)<br \/>\n<strong>CDU<\/strong>\u00a0Jana Weisenfeld (Vertreterin Corina Hansmann)<br \/>\n<strong>FWG\u00a0<\/strong>Andreas Schlau (Vertreter Bj\u00f6rn Wilhelm)<br \/>\n<strong>FWG<\/strong>\u00a0Sarah Heuser (Vertreter Jan Hasselbach)<br \/>\n<strong>FWG<\/strong>\u00a0Sascha Kreckel (Vertreter Markus Heimann)<strong><br \/>\nB\u00fcndnis 90 \/ Die Gr\u00fcnen<\/strong>\u00a0Erik H\u00e4nsel (Vertreterin Silke Siraf)<\/p>\n","protected":false},"excerpt":{"rendered":"<p>Der Gemeinderat hat f\u00fcr bestimmte Aufgabenbereiche zur Vorbereitung seiner Beschl\u00fcsse oder zur abschlie\u00dfenden Entscheidung Aussch\u00fcsse gebildet. Die Aussch\u00fcsse setzen sich entweder nur aus Ratsmitgliedern oder aus Ratsmitgliedern und sonstigen  [&#8230;]<\/p>\n","protected":false},"author":2,"featured_media":0,"parent":0,"menu_order":0,"comment_status":"closed","ping_status":"closed","template":"","meta":{"footnotes":""},"class_list":["post-1415","page","type-page","status-publish","hentry"],"_links":{"self":[{"href":"https:\/\/niederneisen.de\/index.php\/wp-json\/wp\/v2\/pages\/1415","targetHints":{"allow":["GET"]}}],"collection":[{"href":"https:\/\/niederneisen.de\/index.php\/wp-json\/wp\/v2\/pages"}],"about":[{"href":"https:\/\/niederneisen.de\/index.php\/wp-json\/wp\/v2\/types\/page"}],"author":[{"embeddable":true,"href":"https:\/\/niederneisen.de\/index.php\/wp-json\/wp\/v2\/users\/2"}],"replies":[{"embeddable":true,"href":"https:\/\/niederneisen.de\/index.php\/wp-json\/wp\/v2\/comments?post=1415"}],"version-history":[{"count":7,"href":"https:\/\/niederneisen.de\/index.php\/wp-json\/wp\/v2\/pages\/1415\/revisions"}],"predecessor-version":[{"id":2091,"href":"https:\/\/niederneisen.de\/index.php\/wp-json\/wp\/v2\/pages\/1415\/revisions\/2091"}],"wp:attachment":[{"href":"https:\/\/niederneisen.de\/index.php\/wp-json\/wp\/v2\/media?parent=1415"}],"curies":[{"name":"wp","href":"https:\/\/api.w.org\/{rel}","templated":true}]}}