{"id":1359,"date":"2024-02-25T00:30:01","date_gmt":"2024-02-24T23:30:01","guid":{"rendered":"http:\/\/gemeinde5.niederneisen.de\/?page_id=1359"},"modified":"2024-03-22T16:57:18","modified_gmt":"2024-03-22T15:57:18","slug":"energieberatung","status":"publish","type":"page","link":"https:\/\/niederneisen.de\/index.php\/energieberatung\/","title":{"rendered":"Energieberatung"},"content":{"rendered":"<p><span style=\"font-family: arial, helvetica, sans-serif\">Bereits in 2019 besch\u00e4ftigt sich die Gemeinde in einem Workshop intensiv mit der Energiewende:<\/span><\/p>\n<p><span style=\"font-family: arial, helvetica, sans-serif\">Das Format:<\/span><br \/>\n<span style=\"font-family: arial, helvetica, sans-serif\">Rund 40 Teilnehmer aus der Gemeinde Niederneisen und umliegenden Orten<\/span><br \/>\n<span style=\"font-family: arial, helvetica, sans-serif\">Veranstaltungsdauer: 19:00 bis 22:00 Uhr<\/span><br \/>\n<span style=\"font-family: arial, helvetica, sans-serif\">Begr\u00fc\u00dfung durch BM Karl Werner J\u00fcngst <\/span><br \/>\n<span style=\"font-family: arial, helvetica, sans-serif\">Gru\u00dfwort Landrat Frank Puchtler, <\/span><br \/>\n<span style=\"font-family: arial, helvetica, sans-serif\">Fachvortr\u00e4ge von Paul Ngahan und Anja Folz (beide Energieagentur Rheinland-Pfalz)<\/span><br \/>\n<span style=\"font-family: arial, helvetica, sans-serif\">Gruppenarbeit in 3 Workshops zu den Themen &#8211; Energiewende-Ma\u00dfnahmen, &#8211; Energiesparen, &#8211; Mobilit\u00e4t.<\/span><\/p>\n<p><span style=\"font-family: arial, helvetica, sans-serif\">Themenschwerpunkte:<\/span><br \/>\n<span style=\"font-family: arial, helvetica, sans-serif\">a) Energiewende-Ma\u00dfnahmen der Kommune &#8211; Nahw\u00e4rmenetze, insbesondere im Umkreis \u00f6ffentlicher Geb\u00e4ude, &#8211; Photovoltaik.<\/span><br \/>\n<span style=\"font-family: arial, helvetica, sans-serif\">b) Energiesparen &#8211; proaktive Beratung f\u00fcr die B\u00fcrger, &#8211; Tausch von Leuchtmitteln (im \u00f6ffentlichen und privaten Bereich).<\/span><br \/>\n<span style=\"font-family: arial, helvetica, sans-serif\">c) Mobilit\u00e4t &#8211; Elektroautos und -fahrr\u00e4der, &#8211; Carsharing, &#8211; Mitfahrerb\u00e4nke.<\/span><\/p>\n<p><a href=\"https:\/\/niederneisen.de\/wp-content\/uploads\/2024\/03\/20191121_Dokumentation_WS.pdf\">20191121_Dokumentation_WS<\/a><\/p>\n<p>&nbsp;<\/p>\n","protected":false},"excerpt":{"rendered":"<p>Bereits in 2019 besch\u00e4ftigt sich die Gemeinde in einem Workshop intensiv mit der Energiewende: Das Format: Rund 40 Teilnehmer aus der Gemeinde Niederneisen und umliegenden Orten Veranstaltungsdauer: 19:00 bis  [&#8230;]<\/p>\n","protected":false},"author":2,"featured_media":1719,"parent":0,"menu_order":0,"comment_status":"closed","ping_status":"closed","template":"","meta":{"footnotes":""},"class_list":["post-1359","page","type-page","status-publish","has-post-thumbnail","hentry"],"_links":{"self":[{"href":"https:\/\/niederneisen.de\/index.php\/wp-json\/wp\/v2\/pages\/1359","targetHints":{"allow":["GET"]}}],"collection":[{"href":"https:\/\/niederneisen.de\/index.php\/wp-json\/wp\/v2\/pages"}],"about":[{"href":"https:\/\/niederneisen.de\/index.php\/wp-json\/wp\/v2\/types\/page"}],"author":[{"embeddable":true,"href":"https:\/\/niederneisen.de\/index.php\/wp-json\/wp\/v2\/users\/2"}],"replies":[{"embeddable":true,"href":"https:\/\/niederneisen.de\/index.php\/wp-json\/wp\/v2\/comments?post=1359"}],"version-history":[{"count":8,"href":"https:\/\/niederneisen.de\/index.php\/wp-json\/wp\/v2\/pages\/1359\/revisions"}],"predecessor-version":[{"id":1718,"href":"https:\/\/niederneisen.de\/index.php\/wp-json\/wp\/v2\/pages\/1359\/revisions\/1718"}],"wp:featuredmedia":[{"embeddable":true,"href":"https:\/\/niederneisen.de\/index.php\/wp-json\/wp\/v2\/media\/1719"}],"wp:attachment":[{"href":"https:\/\/niederneisen.de\/index.php\/wp-json\/wp\/v2\/media?parent=1359"}],"curies":[{"name":"wp","href":"https:\/\/api.w.org\/{rel}","templated":true}]}}