{"id":1333,"date":"2024-02-24T22:32:16","date_gmt":"2024-02-24T21:32:16","guid":{"rendered":"http:\/\/gemeinde5.niederneisen.de\/?page_id=1333"},"modified":"2024-02-24T22:32:16","modified_gmt":"2024-02-24T21:32:16","slug":"holzverkauf","status":"publish","type":"page","link":"https:\/\/niederneisen.de\/index.php\/holzverkauf\/","title":{"rendered":"Holzverkauf"},"content":{"rendered":"<p><strong>Brennholzvergabe<\/strong><\/p>\n<p><b>Verkauf von Brennholz<\/b>\u00a0-&gt;\u00a0Zust\u00e4ndiger F\u00f6rster ist Johannes Betz.<\/p>\n<p><strong>Brennholzbestellung<\/strong><\/p>\n<p>Die Brennholzbestellung f\u00fcr die Ortsgemeinde ist beim Ortsb\u00fcrgermeister pers\u00f6nlich w\u00e4hrend der Sprechstunde abzugeben.<br \/>\nEine telefonische Bestellung ist nicht m\u00f6glich.<\/p>\n<p>Die Holzvergabe erfolgt f\u00fcr alle Interessenten gemeinsam voraussichtlich im Zeitraum Februar-April eines Jahres.<br \/>\nDer jeweilige Termin wird jedes Jahr auf der Homepage in der Rubrik \u201eAktuelles\u201c sowie in unserem Amtsblatt bekanntgegeben.<\/p>\n<p><strong>Hinweis:<br \/>\n<\/strong><\/p>\n<p>Wir weisen alle Brennholzkunden darauf hin, dass das Arbeiten mit der Motors\u00e4ge im Wald einen Sachkundenachweis (\u201eMotors\u00e4genf\u00fchrerschein\u201c) erfordert. Einzelvergaben sind nicht m\u00f6glich.<\/p>\n<p><strong>Brennholz ist in der Regel in folgenden Sortimenten erh\u00e4ltlich:<\/strong><\/p>\n<p>Bitte bei der Bestellung das gew\u00fcnschte Sortiment genau angeben!<\/p>\n<p><strong><em>Selbstwerbung:<br \/>\n&#8211;\u00a0<\/em><\/strong>nicht aufgearbeitete Kronen und liegende B\u00e4ume unger\u00fcckt<br \/>\n&#8211; Entfernung zum Fahrweg bis \u00fcber 500 m m\u00f6glich!<br \/>\n&#8211; Holzst\u00e4rken von ca. 8 bis 60 cm<\/p>\n<p><strong><em>Brennholz-lang:<br \/>\n<\/em><\/strong>&#8211; 3-6 m lange Stamm- und Astabschnitte<br \/>\n&#8211; ger\u00fcckt am Waldweg<br \/>\n&#8211; Holzst\u00e4rken von ca. 8 bis 50 cm<\/p>\n","protected":false},"excerpt":{"rendered":"<p>Brennholzvergabe Verkauf von Brennholz\u00a0-&gt;\u00a0Zust\u00e4ndiger F\u00f6rster ist Johannes Betz. Brennholzbestellung Die Brennholzbestellung f\u00fcr die Ortsgemeinde ist beim Ortsb\u00fcrgermeister pers\u00f6nlich w\u00e4hrend der Sprechstunde abzugeben. Eine telefonische Bestellung ist nicht m\u00f6glich. Die  [&#8230;]<\/p>\n","protected":false},"author":2,"featured_media":0,"parent":0,"menu_order":0,"comment_status":"closed","ping_status":"closed","template":"","meta":{"footnotes":""},"class_list":["post-1333","page","type-page","status-publish","hentry"],"_links":{"self":[{"href":"https:\/\/niederneisen.de\/index.php\/wp-json\/wp\/v2\/pages\/1333","targetHints":{"allow":["GET"]}}],"collection":[{"href":"https:\/\/niederneisen.de\/index.php\/wp-json\/wp\/v2\/pages"}],"about":[{"href":"https:\/\/niederneisen.de\/index.php\/wp-json\/wp\/v2\/types\/page"}],"author":[{"embeddable":true,"href":"https:\/\/niederneisen.de\/index.php\/wp-json\/wp\/v2\/users\/2"}],"replies":[{"embeddable":true,"href":"https:\/\/niederneisen.de\/index.php\/wp-json\/wp\/v2\/comments?post=1333"}],"version-history":[{"count":1,"href":"https:\/\/niederneisen.de\/index.php\/wp-json\/wp\/v2\/pages\/1333\/revisions"}],"predecessor-version":[{"id":1334,"href":"https:\/\/niederneisen.de\/index.php\/wp-json\/wp\/v2\/pages\/1333\/revisions\/1334"}],"wp:attachment":[{"href":"https:\/\/niederneisen.de\/index.php\/wp-json\/wp\/v2\/media?parent=1333"}],"curies":[{"name":"wp","href":"https:\/\/api.w.org\/{rel}","templated":true}]}}