{"id":1289,"date":"2026-01-31T23:39:21","date_gmt":"2026-01-31T22:39:21","guid":{"rendered":"http:\/\/gemeinde5.niederneisen.de\/?page_id=1289"},"modified":"2026-02-01T17:01:29","modified_gmt":"2026-02-01T16:01:29","slug":"veranstaltungen","status":"publish","type":"page","link":"https:\/\/niederneisen.de\/index.php\/veranstaltungen\/","title":{"rendered":"Veranstaltungen"},"content":{"rendered":"<p><img decoding=\"async\" class=\"lazyload alignnone size-full wp-image-2063\" src=\"https:\/\/niederneisen.de\/wp-content\/uploads\/2026\/02\/Veranstaltungen-1.jpg\" data-orig-src=\"https:\/\/niederneisen.de\/wp-content\/uploads\/2026\/02\/Veranstaltungen-1.jpg\" alt=\"\" width=\"277\" height=\"182\" srcset=\"data:image\/svg+xml,%3Csvg%20xmlns%3D%27http%3A%2F%2Fwww.w3.org%2F2000%2Fsvg%27%20width%3D%27277%27%20height%3D%27182%27%20viewBox%3D%270%200%20277%20182%27%3E%3Crect%20width%3D%27277%27%20height%3D%27182%27%20fill-opacity%3D%220%22%2F%3E%3C%2Fsvg%3E\" data-srcset=\"https:\/\/niederneisen.de\/wp-content\/uploads\/2026\/02\/Veranstaltungen-1-200x131.jpg 200w, https:\/\/niederneisen.de\/wp-content\/uploads\/2026\/02\/Veranstaltungen-1.jpg 277w\" data-sizes=\"auto\" data-orig-sizes=\"(max-width: 277px) 100vw, 277px\" \/><\/p>\n<p><span style=\"font-family: arial, helvetica, sans-serif;\"><strong>Ohne regelm\u00e4\u00dfige Feiern w\u00e4re das Vereinsleben wohl nur halb so sch\u00f6n<\/strong>.<\/span><\/p>\n<p><span style=\"font-family: arial, helvetica, sans-serif;\">Doch egal, ob ein Jubil\u00e4um, Feste des Brauchtums oder Weihnachtsfeiern, sie m\u00fcssen bei einer funktionierenden Vereinsgemeinschaft terminlich abgestimmt und geplant werden. Hinzu kommen die Jahreshauptversammlungen der zahlreichen Vereine und kirchliche Veranstaltungen.<\/span><\/p>\n<p><span style=\"font-family: arial, helvetica, sans-serif;\">Im Oktober\/November des Vorjahres wird unter Federf\u00fchrung der Ortsgemeinde ein Veranstaltungskalender f\u00fcr das Folgejahr erstellt.<\/span><\/p>\n<p><span style=\"font-family: arial, helvetica, sans-serif; font-size: 14pt;\"><a href=\"https:\/\/www.vg-aar-einrich.de\/ortsgemeinden\/niederneisen\/ogniederneisen-veranstaltungskalender2026.pdf?cid=20mg\" target=\"_blank\" rel=\"noopener\">Veranstaltungskalender2026<\/a><\/span><\/p>\n<p><span style=\"font-family: arial, helvetica, sans-serif;\">Veranstaltungen in der gesamten Verbandsgemeinde findet Ihr auf der <a href=\"https:\/\/www.vg-aar-einrich.de\/tourismus-freizeit\/veranstaltungen\/\" target=\"_blank\" rel=\"noopener\"><strong>entsprechenden Seite<\/strong><\/a> der Verbandsgemeinde.<\/span><\/p>\n","protected":false},"excerpt":{"rendered":"<p>Ohne regelm\u00e4\u00dfige Feiern w\u00e4re das Vereinsleben wohl nur halb so sch\u00f6n. Doch egal, ob ein Jubil\u00e4um, Feste des Brauchtums oder Weihnachtsfeiern, sie m\u00fcssen bei einer funktionierenden Vereinsgemeinschaft terminlich abgestimmt  [&#8230;]<\/p>\n","protected":false},"author":2,"featured_media":0,"parent":0,"menu_order":0,"comment_status":"closed","ping_status":"closed","template":"","meta":{"footnotes":""},"class_list":["post-1289","page","type-page","status-publish","hentry"],"_links":{"self":[{"href":"https:\/\/niederneisen.de\/index.php\/wp-json\/wp\/v2\/pages\/1289","targetHints":{"allow":["GET"]}}],"collection":[{"href":"https:\/\/niederneisen.de\/index.php\/wp-json\/wp\/v2\/pages"}],"about":[{"href":"https:\/\/niederneisen.de\/index.php\/wp-json\/wp\/v2\/types\/page"}],"author":[{"embeddable":true,"href":"https:\/\/niederneisen.de\/index.php\/wp-json\/wp\/v2\/users\/2"}],"replies":[{"embeddable":true,"href":"https:\/\/niederneisen.de\/index.php\/wp-json\/wp\/v2\/comments?post=1289"}],"version-history":[{"count":19,"href":"https:\/\/niederneisen.de\/index.php\/wp-json\/wp\/v2\/pages\/1289\/revisions"}],"predecessor-version":[{"id":2066,"href":"https:\/\/niederneisen.de\/index.php\/wp-json\/wp\/v2\/pages\/1289\/revisions\/2066"}],"wp:attachment":[{"href":"https:\/\/niederneisen.de\/index.php\/wp-json\/wp\/v2\/media?parent=1289"}],"curies":[{"name":"wp","href":"https:\/\/api.w.org\/{rel}","templated":true}]}}