{"id":1284,"date":"2024-02-21T23:07:56","date_gmt":"2024-02-21T22:07:56","guid":{"rendered":"http:\/\/gemeinde5.niederneisen.de\/?page_id=1284"},"modified":"2024-02-21T23:07:56","modified_gmt":"2024-02-21T22:07:56","slug":"massnahmenpakete","status":"publish","type":"page","link":"https:\/\/niederneisen.de\/index.php\/massnahmenpakete\/","title":{"rendered":"Ma\u00dfnahmenpakete"},"content":{"rendered":"<h4 align=\"center\"><b>Ist die Wahl erst mal vorbei,<br \/>\nsind Wahlversprechen einerlei<\/b><\/h4>\n<p>Die neu gew\u00e4hlten Beigeordneten und Fraktionsvorsitzenden des Gemeinderates Niederneisen distanzieren sich von diesem Klischee.<\/p>\n<p>Im Oktober 2019 wurde in einem Workshop der Beigeordneten und Fraktionsvorsitzenden die Wahlversprechen der einzelnen Fraktionen (CDU, FWG, B\u00fcndnis 90 Die Gr\u00fcnen und SPD) zusammengestellt, diskutiert und bewertet.<\/p>\n<p>Es entstand eine priorisierte Projekt- und Ma\u00dfnahmenliste, deren einzelne Projekte\/Ma\u00dfnahmen zur Erg\u00e4nzung, Konkretisierung und Vorbereitung zur Umsetzung den betreffenden Aussch\u00fcssen zugeordnet wurde.<\/p>\n<h4 align=\"center\"><b>Die Wahlurne wird in Niederneisen nicht<br \/>\n<\/b><b>zum\u00a0<\/b><b>Grab der Wahlversprechen<\/b><\/h4>\n<p>Die Projekt-bzw. Ma\u00dfnahmenliste wird mit aktuellen Projekten\/Ma\u00dfnahmen fortgeschrieben und jeweils mit dem aktuellen \u201eUmsetzungsfortschritt\u201c zeitnah erg\u00e4nzt.<\/p>\n<p><a title=\"Ma\u00dfnahmenpaket 2019 - 2024\" href=\"https:\/\/niederneisen.de\/files\/Ma%C3%9Fnahmenpaket\/Ma%C3%9Fnahmen_2019_2024quer.pdf\" target=\"_blank\" rel=\"noopener noreferrer\"><img class=\"lazyload\" decoding=\"async\" src=\"data:image\/svg+xml,%3Csvg%20xmlns%3D%27http%3A%2F%2Fwww.w3.org%2F2000%2Fsvg%27%20width%3D%27455%27%20height%3D%2772%27%20viewBox%3D%270%200%20455%2072%27%3E%3Crect%20width%3D%27455%27%20height%3D%2772%27%20fill-opacity%3D%220%22%2F%3E%3C%2Fsvg%3E\" data-orig-src=\"https:\/\/niederneisen.de\/images\/Manahmenpaket_Gemeinde_Niederneisen_2019-2024.png\" alt=\"Link zum Ma\u00dfnahmenpaket\" width=\"455\" height=\"72\" \/><\/a><\/p>\n<p><a title=\"Link zur Ma\u00dfnahmenliste der Legislaturperiode 2019 bis 2024\" href=\"https:\/\/niederneisen.de\/files\/Ma%C3%9Fnahmenpaket\/Ma%C3%9Fnahmen_2019_2024quer.pdf\" target=\"_blank\" rel=\"noopener noreferrer\">Link zur Ma\u00dfnahmenliste<\/a><\/p>\n","protected":false},"excerpt":{"rendered":"<p>Ist die Wahl erst mal vorbei, sind Wahlversprechen einerlei Die neu gew\u00e4hlten Beigeordneten und Fraktionsvorsitzenden des Gemeinderates Niederneisen distanzieren sich von diesem Klischee. Im Oktober 2019 wurde in einem  [&#8230;]<\/p>\n","protected":false},"author":2,"featured_media":0,"parent":0,"menu_order":0,"comment_status":"closed","ping_status":"closed","template":"","meta":{"footnotes":""},"class_list":["post-1284","page","type-page","status-publish","hentry"],"_links":{"self":[{"href":"https:\/\/niederneisen.de\/index.php\/wp-json\/wp\/v2\/pages\/1284","targetHints":{"allow":["GET"]}}],"collection":[{"href":"https:\/\/niederneisen.de\/index.php\/wp-json\/wp\/v2\/pages"}],"about":[{"href":"https:\/\/niederneisen.de\/index.php\/wp-json\/wp\/v2\/types\/page"}],"author":[{"embeddable":true,"href":"https:\/\/niederneisen.de\/index.php\/wp-json\/wp\/v2\/users\/2"}],"replies":[{"embeddable":true,"href":"https:\/\/niederneisen.de\/index.php\/wp-json\/wp\/v2\/comments?post=1284"}],"version-history":[{"count":1,"href":"https:\/\/niederneisen.de\/index.php\/wp-json\/wp\/v2\/pages\/1284\/revisions"}],"predecessor-version":[{"id":1285,"href":"https:\/\/niederneisen.de\/index.php\/wp-json\/wp\/v2\/pages\/1284\/revisions\/1285"}],"wp:attachment":[{"href":"https:\/\/niederneisen.de\/index.php\/wp-json\/wp\/v2\/media?parent=1284"}],"curies":[{"name":"wp","href":"https:\/\/api.w.org\/{rel}","templated":true}]}}