{"id":1281,"date":"2024-02-21T23:06:20","date_gmt":"2024-02-21T22:06:20","guid":{"rendered":"http:\/\/gemeinde5.niederneisen.de\/?page_id=1281"},"modified":"2024-04-21T10:15:10","modified_gmt":"2024-04-21T08:15:10","slug":"bekanntmachungen","status":"publish","type":"page","link":"https:\/\/niederneisen.de\/index.php\/bekanntmachungen\/","title":{"rendered":"Bekanntmachungen"},"content":{"rendered":"<p><span style=\"font-family: arial, helvetica, sans-serif;color: #000000\"><strong>1.<\/strong> <strong>Digitales Informations- &amp; Mitteilungsblatt der VG Aar-Einrich<\/strong><\/span><\/p>\n<p><a href=\"https:\/\/www.wittich.de\/produkte\/zeitungen\/archiv\/432-mitteilungsblatt-der-verbandsgemeinde-aar-einrich-ausgabe-hahnstaetten\" target=\"_blank\" rel=\"noopener\"><img decoding=\"async\" class=\"lazyload alignleft wp-image-1807 size-medium\" src=\"https:\/\/niederneisen.de\/wp-content\/uploads\/2024\/04\/Mittteilungsblatt-der-VG-Aar_Einrich-300x84.jpg\" data-orig-src=\"https:\/\/niederneisen.de\/wp-content\/uploads\/2024\/04\/Mittteilungsblatt-der-VG-Aar_Einrich-300x84.jpg\" alt=\"\" width=\"300\" height=\"84\" srcset=\"data:image\/svg+xml,%3Csvg%20xmlns%3D%27http%3A%2F%2Fwww.w3.org%2F2000%2Fsvg%27%20width%3D%27300%27%20height%3D%2784%27%20viewBox%3D%270%200%20300%2084%27%3E%3Crect%20width%3D%27300%27%20height%3D%2784%27%20fill-opacity%3D%220%22%2F%3E%3C%2Fsvg%3E\" data-srcset=\"https:\/\/niederneisen.de\/wp-content\/uploads\/2024\/04\/Mittteilungsblatt-der-VG-Aar_Einrich-200x56.jpg 200w, https:\/\/niederneisen.de\/wp-content\/uploads\/2024\/04\/Mittteilungsblatt-der-VG-Aar_Einrich-300x84.jpg 300w, https:\/\/niederneisen.de\/wp-content\/uploads\/2024\/04\/Mittteilungsblatt-der-VG-Aar_Einrich-400x112.jpg 400w, https:\/\/niederneisen.de\/wp-content\/uploads\/2024\/04\/Mittteilungsblatt-der-VG-Aar_Einrich.jpg 516w\" data-sizes=\"auto\" data-orig-sizes=\"(max-width: 300px) 100vw, 300px\" \/><\/a><\/p>\n<p>&nbsp;<\/p>\n<p>&nbsp;<\/p>\n<p><strong><span style=\"font-family: arial, helvetica, sans-serif\">2. Rats-Informationssystem (RIS)<br \/>\n<\/span><\/strong><\/p>\n<p style=\"padding-left: 40px\"><span style=\"font-family: arial, helvetica, sans-serif\">Im Rats-Informationssystem haben Sie die M\u00f6glichkeit nach Vorlagen, Sitzungen, Niederschriften und Beschl\u00fcssen der <strong>Gemeinderatssitzungen<\/strong> zu recherchieren. Des Weiteren k\u00f6nnen Sie sich \u00fcber die Kalenderfunktion einen \u00dcberblick \u00fcber die kommenden Termine verschaffen.<br \/>\n<\/span><\/p>\n<p><a href=\"https:\/\/vg-aar-einrich.gremien.info\/calendar.php?month=2024-04\" target=\"_blank\" rel=\"noopener\"><img decoding=\"async\" class=\"lazyload alignnone wp-image-1815\" src=\"https:\/\/niederneisen.de\/wp-content\/uploads\/2024\/04\/RIS-300x183.jpg\" data-orig-src=\"https:\/\/niederneisen.de\/wp-content\/uploads\/2024\/04\/RIS-300x183.jpg\" alt=\"\" width=\"275\" height=\"168\" srcset=\"data:image\/svg+xml,%3Csvg%20xmlns%3D%27http%3A%2F%2Fwww.w3.org%2F2000%2Fsvg%27%20width%3D%27275%27%20height%3D%27168%27%20viewBox%3D%270%200%20275%20168%27%3E%3Crect%20width%3D%27275%27%20height%3D%27168%27%20fill-opacity%3D%220%22%2F%3E%3C%2Fsvg%3E\" data-srcset=\"https:\/\/niederneisen.de\/wp-content\/uploads\/2024\/04\/RIS-200x122.jpg 200w, https:\/\/niederneisen.de\/wp-content\/uploads\/2024\/04\/RIS-300x183.jpg 300w, https:\/\/niederneisen.de\/wp-content\/uploads\/2024\/04\/RIS-400x245.jpg 400w, https:\/\/niederneisen.de\/wp-content\/uploads\/2024\/04\/RIS-600x367.jpg 600w, https:\/\/niederneisen.de\/wp-content\/uploads\/2024\/04\/RIS-768x470.jpg 768w, https:\/\/niederneisen.de\/wp-content\/uploads\/2024\/04\/RIS-800x489.jpg 800w, https:\/\/niederneisen.de\/wp-content\/uploads\/2024\/04\/RIS-1024x626.jpg 1024w, https:\/\/niederneisen.de\/wp-content\/uploads\/2024\/04\/RIS-1200x734.jpg 1200w, https:\/\/niederneisen.de\/wp-content\/uploads\/2024\/04\/RIS.jpg 1256w\" data-sizes=\"auto\" data-orig-sizes=\"(max-width: 275px) 100vw, 275px\" \/><\/a><\/p>\n<p><span style=\"font-family: arial, helvetica, sans-serif\"><strong>3. Aktuelle Pressemeldungen des LBM\u00a0 Sie <a href=\"https:\/\/lbm.rlp.de\/ueber-uns\/standorte\/lbm-diez\" target=\"_blank\" rel=\"noopener noreferrer\">hier<\/a>!<\/strong><\/span><\/p>\n<p><a href=\"https:\/\/lbm.rlp.de\/ueber-uns\/standorte\/lbm-diez\" target=\"_blank\" rel=\"noopener\"><img decoding=\"async\" class=\"lazyload alignnone size-medium wp-image-1812\" src=\"https:\/\/niederneisen.de\/wp-content\/uploads\/2024\/04\/LBM_Diez-300x156.jpg\" data-orig-src=\"https:\/\/niederneisen.de\/wp-content\/uploads\/2024\/04\/LBM_Diez-300x156.jpg\" alt=\"\" width=\"300\" height=\"156\" srcset=\"data:image\/svg+xml,%3Csvg%20xmlns%3D%27http%3A%2F%2Fwww.w3.org%2F2000%2Fsvg%27%20width%3D%27300%27%20height%3D%27156%27%20viewBox%3D%270%200%20300%20156%27%3E%3Crect%20width%3D%27300%27%20height%3D%27156%27%20fill-opacity%3D%220%22%2F%3E%3C%2Fsvg%3E\" data-srcset=\"https:\/\/niederneisen.de\/wp-content\/uploads\/2024\/04\/LBM_Diez-200x104.jpg 200w, https:\/\/niederneisen.de\/wp-content\/uploads\/2024\/04\/LBM_Diez-300x156.jpg 300w, https:\/\/niederneisen.de\/wp-content\/uploads\/2024\/04\/LBM_Diez-400x208.jpg 400w, https:\/\/niederneisen.de\/wp-content\/uploads\/2024\/04\/LBM_Diez-600x313.jpg 600w, https:\/\/niederneisen.de\/wp-content\/uploads\/2024\/04\/LBM_Diez-768x400.jpg 768w, https:\/\/niederneisen.de\/wp-content\/uploads\/2024\/04\/LBM_Diez-800x417.jpg 800w, https:\/\/niederneisen.de\/wp-content\/uploads\/2024\/04\/LBM_Diez-1024x533.jpg 1024w, https:\/\/niederneisen.de\/wp-content\/uploads\/2024\/04\/LBM_Diez-1200x625.jpg 1200w, https:\/\/niederneisen.de\/wp-content\/uploads\/2024\/04\/LBM_Diez.jpg 1344w\" data-sizes=\"auto\" data-orig-sizes=\"(max-width: 300px) 100vw, 300px\" \/><\/a><\/p>\n","protected":false},"excerpt":{"rendered":"<p>1. Digitales Informations- &amp; Mitteilungsblatt der VG Aar-Einrich &nbsp; &nbsp; 2. Rats-Informationssystem (RIS) Im Rats-Informationssystem haben Sie die M\u00f6glichkeit nach Vorlagen, Sitzungen, Niederschriften und Beschl\u00fcssen der Gemeinderatssitzungen zu recherchieren.  [&#8230;]<\/p>\n","protected":false},"author":2,"featured_media":0,"parent":0,"menu_order":0,"comment_status":"closed","ping_status":"closed","template":"","meta":{"footnotes":""},"class_list":["post-1281","page","type-page","status-publish","hentry"],"_links":{"self":[{"href":"https:\/\/niederneisen.de\/index.php\/wp-json\/wp\/v2\/pages\/1281","targetHints":{"allow":["GET"]}}],"collection":[{"href":"https:\/\/niederneisen.de\/index.php\/wp-json\/wp\/v2\/pages"}],"about":[{"href":"https:\/\/niederneisen.de\/index.php\/wp-json\/wp\/v2\/types\/page"}],"author":[{"embeddable":true,"href":"https:\/\/niederneisen.de\/index.php\/wp-json\/wp\/v2\/users\/2"}],"replies":[{"embeddable":true,"href":"https:\/\/niederneisen.de\/index.php\/wp-json\/wp\/v2\/comments?post=1281"}],"version-history":[{"count":10,"href":"https:\/\/niederneisen.de\/index.php\/wp-json\/wp\/v2\/pages\/1281\/revisions"}],"predecessor-version":[{"id":1817,"href":"https:\/\/niederneisen.de\/index.php\/wp-json\/wp\/v2\/pages\/1281\/revisions\/1817"}],"wp:attachment":[{"href":"https:\/\/niederneisen.de\/index.php\/wp-json\/wp\/v2\/media?parent=1281"}],"curies":[{"name":"wp","href":"https:\/\/api.w.org\/{rel}","templated":true}]}}