{"id":1200,"date":"2024-02-21T21:32:26","date_gmt":"2024-02-21T20:32:26","guid":{"rendered":"http:\/\/gemeinde5.niederneisen.de\/?page_id=1200"},"modified":"2024-02-21T21:37:52","modified_gmt":"2024-02-21T20:37:52","slug":"bauplatz-und-immo-angebote-gesuche","status":"publish","type":"page","link":"https:\/\/niederneisen.de\/index.php\/bauplatz-und-immo-angebote-gesuche\/","title":{"rendered":"Bauplatz und Immo Angebote Gesuche"},"content":{"rendered":"<h3>Die kommunale Immobilienplattform.<br \/>\nImmobilien &#8211; Baupl\u00e4tze &#8211; Gewerbefl\u00e4chen &#8211; Mietobjekte<\/h3>\n<h4>Ein Portal f\u00fcr alle Angebote!<\/h4>\n<h4>Privat, Unternehmer oder Kommune !<\/h4>\n<p>Eine Initiative der Wirtschafts-F\u00f6rderungs-Gesellschaft Rhein-Lahn mbH<\/p>\n<p><a title=\"Kommunale Immobilienplattform RLK\" href=\"https:\/\/www.kip.net\/rheinland-pfalz\/rhein-lahn-kreis\" target=\"_blank\" rel=\"noopener noreferrer\"><img class=\"lazyload\" decoding=\"async\" src=\"data:image\/svg+xml,%3Csvg%20xmlns%3D%27http%3A%2F%2Fwww.w3.org%2F2000%2Fsvg%27%20width%3D%27635%27%20height%3D%27646%27%20viewBox%3D%270%200%20635%20646%27%3E%3Crect%20width%3D%27635%27%20height%3D%27646%27%20fill-opacity%3D%220%22%2F%3E%3C%2Fsvg%3E\" data-orig-src=\"https:\/\/niederneisen.de\/images\/KIP_BILD_1.png\" alt=\"\" width=\"635\" height=\"646\" \/><\/a><\/p>\n","protected":false},"excerpt":{"rendered":"<p>Die kommunale Immobilienplattform. Immobilien &#8211; Baupl\u00e4tze &#8211; Gewerbefl\u00e4chen &#8211; Mietobjekte Ein Portal f\u00fcr alle Angebote! Privat, Unternehmer oder Kommune ! Eine Initiative der Wirtschafts-F\u00f6rderungs-Gesellschaft Rhein-Lahn mbH<\/p>\n","protected":false},"author":2,"featured_media":0,"parent":0,"menu_order":0,"comment_status":"closed","ping_status":"closed","template":"","meta":{"footnotes":""},"class_list":["post-1200","page","type-page","status-publish","hentry"],"_links":{"self":[{"href":"https:\/\/niederneisen.de\/index.php\/wp-json\/wp\/v2\/pages\/1200","targetHints":{"allow":["GET"]}}],"collection":[{"href":"https:\/\/niederneisen.de\/index.php\/wp-json\/wp\/v2\/pages"}],"about":[{"href":"https:\/\/niederneisen.de\/index.php\/wp-json\/wp\/v2\/types\/page"}],"author":[{"embeddable":true,"href":"https:\/\/niederneisen.de\/index.php\/wp-json\/wp\/v2\/users\/2"}],"replies":[{"embeddable":true,"href":"https:\/\/niederneisen.de\/index.php\/wp-json\/wp\/v2\/comments?post=1200"}],"version-history":[{"count":1,"href":"https:\/\/niederneisen.de\/index.php\/wp-json\/wp\/v2\/pages\/1200\/revisions"}],"predecessor-version":[{"id":1201,"href":"https:\/\/niederneisen.de\/index.php\/wp-json\/wp\/v2\/pages\/1200\/revisions\/1201"}],"wp:attachment":[{"href":"https:\/\/niederneisen.de\/index.php\/wp-json\/wp\/v2\/media?parent=1200"}],"curies":[{"name":"wp","href":"https:\/\/api.w.org\/{rel}","templated":true}]}}